{"id":39,"date":"2024-01-06T19:24:06","date_gmt":"2024-01-06T16:24:06","guid":{"rendered":"https:\/\/www.strongotomotiv.com\/en\/?page_id=39"},"modified":"2024-01-19T14:36:45","modified_gmt":"2024-01-19T11:36:45","slug":"production","status":"publish","type":"page","link":"https:\/\/www.strongotomotiv.com\/en\/production\/","title":{"rendered":"Production"},"content":{"rendered":"<div id=\"pl-39\"  class=\"panel-layout\" ><div id=\"pg-39-0\"  class=\"panel-grid panel-no-style\" ><div id=\"pgc-39-0-0\"  class=\"panel-grid-cell\" ><div id=\"panel-39-0-0-0\" class=\"so-panel widget widget_sow-editor panel-first-child\" data-index=\"0\" ><div\n\t\t\t\n\t\t\tclass=\"so-widget-sow-editor so-widget-sow-editor-base\"\n\t\t\t\n\t\t>\n<div class=\"siteorigin-widget-tinymce textwidget\">\n\t<p><center><br \/>\n<\/center><\/p>\n<\/div>\n<\/div><\/div><div id=\"panel-39-0-0-1\" class=\"so-panel widget widget_sow-editor\" data-index=\"1\" ><div\n\t\t\t\n\t\t\tclass=\"so-widget-sow-editor so-widget-sow-editor-base\"\n\t\t\t\n\t\t>\n<div class=\"siteorigin-widget-tinymce textwidget\">\n\t<\/div>\n<\/div><\/div><div id=\"panel-39-0-0-2\" class=\"so-panel widget widget_sow-editor panel-last-child\" data-index=\"2\" ><div\n\t\t\t\n\t\t\tclass=\"so-widget-sow-editor so-widget-sow-editor-base\"\n\t\t\t\n\t\t>\n<div class=\"siteorigin-widget-tinymce textwidget\">\n\t<table class=\"buildpress-table\">\n<thead>\n<tr>\n<th><\/th>\n<th class=\"align-center\">MARKA T\u0130P\u0130<\/th>\n<th class=\"align-center\">KAPAS\u0130TE<\/th>\n<th class=\"align-center\">ADET<\/th>\n<\/tr>\n<\/thead>\n<tbody>\n<tr>\n<td>1<\/td>\n<td class=\"align-center\">DMC GANK T\u0130P\u0130<\/td>\n<td class=\"align-center\">6\"<\/td>\n<td class=\"align-center\">1<\/td>\n<\/tr>\n<tr>\n<td>2<\/td>\n<td class=\"align-center\">DMC GANK T\u0130P\u0130 CUBUK S\u00dcR\u00dcC\u00dcL\u00dc<\/td>\n<td class=\"align-center\">6\"<\/td>\n<td class=\"align-center\">1<\/td>\n<\/tr>\n<tr>\n<td>3<\/td>\n<td class=\"align-center\">YANG<\/td>\n<td class=\"align-center\">10\"<\/td>\n<td class=\"align-center\">1<\/td>\n<\/tr>\n<tr>\n<td>4<\/td>\n<td class=\"align-center\">K\u0130T\u0130GAVA<\/td>\n<td class=\"align-center\">8\"<\/td>\n<td class=\"align-center\">2<\/td>\n<\/tr>\n<tr>\n<td>5<\/td>\n<td class=\"align-center\">K\u0130T\u0130GAVA<\/td>\n<td class=\"align-center\">10\"<\/td>\n<td class=\"align-center\">1<\/td>\n<\/tr>\n<tr>\n<td>6<\/td>\n<td class=\"align-center\">\u015eER\u0130T TESTERE<\/td>\n<td class=\"align-center\">-<\/td>\n<td class=\"align-center\">1<\/td>\n<\/tr>\n<tr>\n<td>7<\/td>\n<td class=\"align-center\">MATKAP<\/td>\n<td class=\"align-center\">-<\/td>\n<td class=\"align-center\">1<\/td>\n<\/tr>\n<tr>\n<td>8<\/td>\n<td class=\"align-center\">SUNSHINE BRAND CNC D\u0130K \u0130\u015eLEME<\/td>\n<td class=\"align-center\">-<\/td>\n<td class=\"align-center\">1<\/td>\n<\/tr>\n<\/tbody>\n<\/table>\n<\/div>\n<\/div><\/div><\/div><\/div><\/div>","protected":false},"excerpt":{"rendered":"<p>MARKA T\u0130P\u0130 KAPAS\u0130TE ADET 1 DMC GANK T\u0130P\u0130 6&#8243; 1 2 DMC GANK T\u0130P\u0130 CUBUK S\u00dcR\u00dcC\u00dcL\u00dc 6&#8243; 1 3 YANG 10&#8243; 1 4 K\u0130T\u0130GAVA 8&#8243; 2 5 K\u0130T\u0130GAVA 10&#8243; 1 6 \u015eER\u0130T TESTERE &#8211; 1 7 MATKAP &#8211; 1 8 SUNSHINE BRAND CNC D\u0130K \u0130\u015eLEME &#8211; 1<\/p>\n","protected":false},"author":1,"featured_media":0,"parent":0,"menu_order":0,"comment_status":"closed","ping_status":"closed","template":"","meta":{"footnotes":""},"_links":{"self":[{"href":"https:\/\/www.strongotomotiv.com\/en\/wp-json\/wp\/v2\/pages\/39"}],"collection":[{"href":"https:\/\/www.strongotomotiv.com\/en\/wp-json\/wp\/v2\/pages"}],"about":[{"href":"https:\/\/www.strongotomotiv.com\/en\/wp-json\/wp\/v2\/types\/page"}],"author":[{"embeddable":true,"href":"https:\/\/www.strongotomotiv.com\/en\/wp-json\/wp\/v2\/users\/1"}],"replies":[{"embeddable":true,"href":"https:\/\/www.strongotomotiv.com\/en\/wp-json\/wp\/v2\/comments?post=39"}],"version-history":[{"count":4,"href":"https:\/\/www.strongotomotiv.com\/en\/wp-json\/wp\/v2\/pages\/39\/revisions"}],"predecessor-version":[{"id":58,"href":"https:\/\/www.strongotomotiv.com\/en\/wp-json\/wp\/v2\/pages\/39\/revisions\/58"}],"wp:attachment":[{"href":"https:\/\/www.strongotomotiv.com\/en\/wp-json\/wp\/v2\/media?parent=39"}],"curies":[{"name":"wp","href":"https:\/\/api.w.org\/{rel}","templated":true}]}}