{"id":30,"date":"2024-01-06T19:15:46","date_gmt":"2024-01-06T16:15:46","guid":{"rendered":"https:\/\/www.strongotomotiv.com\/en\/?page_id=30"},"modified":"2024-01-06T19:18:22","modified_gmt":"2024-01-06T16:18:22","slug":"contact","status":"publish","type":"page","link":"https:\/\/www.strongotomotiv.com\/en\/contact\/","title":{"rendered":"Contact"},"content":{"rendered":"<div id=\"pl-30\"  class=\"panel-layout\" ><div id=\"pg-30-0\"  class=\"panel-grid panel-no-style\" ><div id=\"pgc-30-0-0\"  class=\"panel-grid-cell\" ><div id=\"panel-30-0-0-0\" class=\"widget_text so-panel widget widget_custom_html panel-first-child\" data-index=\"0\" ><div class=\"textwidget custom-html-widget\"><\/iframe><\/div><\/div><div id=\"panel-30-0-0-1\" class=\"so-panel widget widget_sow-editor panel-last-child\" data-index=\"1\" ><div\n\t\t\t\n\t\t\tclass=\"so-widget-sow-editor so-widget-sow-editor-base\"\n\t\t\t\n\t\t>\n<div class=\"siteorigin-widget-tinymce textwidget\">\n\t<\/div>\n<\/div><\/div><\/div><\/div><div id=\"pg-30-1\"  class=\"panel-grid panel-no-style\" ><div id=\"pgc-30-1-0\"  class=\"panel-grid-cell\" ><div id=\"panel-30-1-0-0\" class=\"so-panel widget widget_sow-editor panel-first-child\" data-index=\"2\" ><div\n\t\t\t\n\t\t\tclass=\"so-widget-sow-editor so-widget-sow-editor-base\"\n\t\t\t\n\t\t>\n<div class=\"siteorigin-widget-tinymce textwidget\">\n\t<p><span class=\"icon-container\"><span class=\"fa fa-home\"><\/span><\/span> <b>STRONG OTOMOT\u0130V<\/b><br \/>\n Meclis Mh. Teraziler Cd. No:31\/A D:67  Sancaktepe\/\u0130stanbul<\/p>\n<p>\n<span class=\"icon-container\"><span class=\"fa fa-phone\"><\/span><\/span> <b>(0850) 225 33 49<\/b><br \/>\n<span class=\"icon-container\"><span class=\"fa fa-fax\"><\/span><\/span> <b>(0216) 314 10 56<\/b><br \/>\n<span class=\"icon-container\"><span class=\"fa fa-envelope\"><\/span><\/span> <a href=\"mailto:info@strongotomotiv.com\">info@strongotomotiv.com<\/a><\/p>\n<\/div>\n<\/div><\/div><div id=\"panel-30-1-0-1\" class=\"so-panel widget widget_pt_social_icons widget-social-icons panel-last-child\" data-index=\"3\" >\t\t\t\t<a class=\"social-icons__link\" href=\"#\" target=\"_blank\"><i class=\"fa  fa-facebook\"><\/i><\/a>\n\t\t\t\t\t\t\t<a class=\"social-icons__link\" href=\"#\" target=\"_blank\"><i class=\"fa  fa-twitter\"><\/i><\/a>\n\t\t\t\t\t\t\t<a class=\"social-icons__link\" href=\"#\" target=\"_blank\"><i class=\"fa  fa-youtube\"><\/i><\/a>\n\t\t\t<\/div><\/div><div id=\"pgc-30-1-1\"  class=\"panel-grid-cell\" ><div id=\"panel-30-1-1-0\" class=\"so-panel widget widget_sow-editor panel-first-child panel-last-child\" data-index=\"4\" ><div\n\t\t\t\n\t\t\tclass=\"so-widget-sow-editor so-widget-sow-editor-base\"\n\t\t\t\n\t\t>\n<div class=\"siteorigin-widget-tinymce textwidget\">\n\t<div class=\"screen-reader-response\"><\/div>\n<form class=\"wpcf7-form\" action=\"\/wp-admin\/post.php#wpcf7-f5-o2\" method=\"post\" novalidate=\"novalidate\">\n<div style=\"display: none;\"><input name=\"_wpcf7\" type=\"hidden\" value=\"5\" \/><br \/>\n<input name=\"_wpcf7_version\" type=\"hidden\" value=\"5.1.5\" \/><br \/>\n<input name=\"_wpcf7_locale\" type=\"hidden\" value=\"tr_TR\" \/><br \/>\n<input name=\"_wpcf7_unit_tag\" type=\"hidden\" value=\"wpcf7-f5-o2\" \/><br \/>\n<input name=\"_wpcf7_container_post\" type=\"hidden\" value=\"0\" \/><\/div>\n<p><label> Ad\u0131n\u0131z Soyad\u0131n\u0131z (zorunlu)<br \/>\n<span class=\"wpcf7-form-control-wrap your-name\"><input class=\"wpcf7-form-control wpcf7-text wpcf7-validates-as-required\" name=\"your-name\" size=\"40\" type=\"text\" value=\"\" aria-required=\"true\" aria-invalid=\"false\" \/><\/span> <\/label><\/p>\n<p><label> Email (zorunlu)<br \/>\n<span class=\"wpcf7-form-control-wrap your-email\"><input class=\"wpcf7-form-control wpcf7-text wpcf7-email wpcf7-validates-as-required wpcf7-validates-as-email\" name=\"your-email\" size=\"40\" type=\"email\" value=\"\" aria-required=\"true\" aria-invalid=\"false\" \/><\/span> <\/label><\/p>\n<p><label> Konu<br \/>\n<span class=\"wpcf7-form-control-wrap your-subject\"><input class=\"wpcf7-form-control wpcf7-text\" name=\"your-subject\" size=\"40\" type=\"text\" value=\"\" aria-invalid=\"false\" \/><\/span> <\/label><\/p>\n<p><label> Mesaj \u0130\u00e7eri\u011fi<br \/>\n<span class=\"wpcf7-form-control-wrap your-message\"><textarea class=\"wpcf7-form-control wpcf7-textarea\" cols=\"40\" name=\"your-message\" rows=\"10\" aria-invalid=\"false\">&lt;\/textarea&gt;&lt;\/span&gt; &lt;\/label&gt;&lt;\/p&gt;<br \/>\n&lt;p&gt;&lt;input type=\"submit\" value=\"G\u00f6nder\" class=\"wpcf7-form-control wpcf7-submit\"&gt;&lt;\/p&gt;<br \/>\n&lt;div class=\"wpcf7-response-output wpcf7-display-none\"&gt;&lt;\/div&gt;<br \/>\n&lt;\/form&gt;<br \/>\n<\/textarea><\/span><\/label><\/p>\n<\/form>\n<\/div>\n<\/div><\/div><\/div><\/div><\/div>","protected":false},"excerpt":{"rendered":"<p>STRONG OTOMOT\u0130V Meclis Mh. Teraziler Cd. No:31\/A D:67 Sancaktepe\/\u0130stanbul (0850) 225 33 49 (0216) 314 10 56 info@strongotomotiv.com Ad\u0131n\u0131z Soyad\u0131n\u0131z (zorunlu) Email (zorunlu) Konu Mesaj \u0130\u00e7eri\u011fi &lt;\/textarea&gt;&lt;\/span&gt; &lt;\/label&gt;&lt;\/p&gt; &lt;p&gt;&lt;input type=&#8221;submit&#8221; value=&#8221;G\u00f6nder&#8221; class=&#8221;wpcf7-form-control wpcf7-submit&#8221;&gt;&lt;\/p&gt; &lt;div class=&#8221;wpcf7-response-output wpcf7-display-none&#8221;&gt;&lt;\/div&gt; &lt;\/form&gt;<\/p>\n","protected":false},"author":1,"featured_media":0,"parent":0,"menu_order":0,"comment_status":"closed","ping_status":"closed","template":"","meta":{"footnotes":""},"_links":{"self":[{"href":"https:\/\/www.strongotomotiv.com\/en\/wp-json\/wp\/v2\/pages\/30"}],"collection":[{"href":"https:\/\/www.strongotomotiv.com\/en\/wp-json\/wp\/v2\/pages"}],"about":[{"href":"https:\/\/www.strongotomotiv.com\/en\/wp-json\/wp\/v2\/types\/page"}],"author":[{"embeddable":true,"href":"https:\/\/www.strongotomotiv.com\/en\/wp-json\/wp\/v2\/users\/1"}],"replies":[{"embeddable":true,"href":"https:\/\/www.strongotomotiv.com\/en\/wp-json\/wp\/v2\/comments?post=30"}],"version-history":[{"count":3,"href":"https:\/\/www.strongotomotiv.com\/en\/wp-json\/wp\/v2\/pages\/30\/revisions"}],"predecessor-version":[{"id":33,"href":"https:\/\/www.strongotomotiv.com\/en\/wp-json\/wp\/v2\/pages\/30\/revisions\/33"}],"wp:attachment":[{"href":"https:\/\/www.strongotomotiv.com\/en\/wp-json\/wp\/v2\/media?parent=30"}],"curies":[{"name":"wp","href":"https:\/\/api.w.org\/{rel}","templated":true}]}}