{"id":7,"date":"2023-11-21T19:55:36","date_gmt":"2023-11-21T16:55:36","guid":{"rendered":"https:\/\/www.strongotomotiv.com\/de\/?page_id=7"},"modified":"2024-01-06T18:01:05","modified_gmt":"2024-01-06T15:01:05","slug":"front-page","status":"publish","type":"page","link":"https:\/\/www.strongotomotiv.com\/de\/","title":{"rendered":"Front Page"},"content":{"rendered":"<div id=\"pl-7\"  class=\"panel-layout\" ><div id=\"pg-7-0\"  class=\"panel-grid panel-has-style\" ><div class=\"siteorigin-panels-stretch panel-row-style panel-row-style-for-7-0\" data-stretch-type=\"full\" ><div id=\"pgc-7-0-0\"  class=\"panel-grid-cell\" ><div id=\"panel-7-0-0-0\" class=\"so-panel widget widget_pt_banner widget-banner panel-first-child panel-last-child\" data-index=\"0\" >\t\t\t\t<div class=\"banner__text\">\n\t\t\t\t\tM\u00f6chten Sie mit uns an Ihren Projekten und Werken zusammenarbeiten?\t\t\t\t<\/div>\n\t\t\t\t<div class=\"banner__buttons\">\n\t\t\t\t\t<a class=\"btn  btn-default\" href=\"http:\/\/www.strongotomotiv.com\/urunlerimiz\/\" target=\"_self\">\u00c7ALI\u015eMALARIMIZ<\/a>\u00a0\u00a0\u00a0<a class=\"btn  btn-primary\" href=\"http:\/\/strongotomotiv.com\/de\/kontakt\/\" target=\"_blank\">Kontakt<\/a> \t\t\t\t<\/div>\n\t\t\t<\/div><\/div><\/div><\/div><div id=\"pg-7-1\"  class=\"panel-grid panel-has-style\" ><div class=\"siteorigin-panels-stretch panel-row-style panel-row-style-for-7-1\" data-stretch-type=\"full\" ><div id=\"pgc-7-1-0\"  class=\"panel-grid-cell\" ><\/div><\/div><\/div><div id=\"pg-7-2\"  class=\"panel-grid panel-no-style\" ><div id=\"pgc-7-2-0\"  class=\"panel-grid-cell\" ><div id=\"panel-7-2-0-0\" class=\"so-panel widget widget_sow-editor panel-first-child\" data-index=\"2\" ><div\n\t\t\t\n\t\t\tclass=\"so-widget-sow-editor so-widget-sow-editor-base\"\n\t\t\t\n\t\t>\n<div class=\"siteorigin-widget-tinymce textwidget\">\n\t<p>&nbsp;<\/p>\n<\/div>\n<\/div><\/div><div id=\"panel-7-2-0-1\" class=\"so-panel widget widget_sow-editor panel-last-child\" data-index=\"3\" ><div\n\t\t\t\n\t\t\tclass=\"so-widget-sow-editor so-widget-sow-editor-base\"\n\t\t\t\n\t\t>\n<div class=\"siteorigin-widget-tinymce textwidget\">\n\t<p><span class=\"icon-container\"><span class=\"fa fa-check\"><\/span><\/span><strong>Wir erledigen unsere Arbeit mit Liebe und Respekt<\/strong><\/p>\n<p>Wir unternehmen entschlossene Schritte, um ein angesehenes und erfolgreiches Unternehmen in der T\u00fcrkei zu werden, indem wir uns weiterentwickeln. Bei der Erbringung unserer Dienstleistungen f\u00fcr unsere Kunden stellen wir sicher, dass alle unsere Projekte professionell und unter Verwendung hochwertiger Materialien ausgef\u00fchrt werden.<\/p>\n<p><span class=\"icon-container\"><span class=\"fa fa-check\"><\/span><\/span><strong>Ehrlichkeit und Engagement<\/strong><\/p>\n<p>Ehrlichkeit steht f\u00fcr uns an erster Stelle und wir streben danach, alle Projekte mit Integrit\u00e4t nur mit unseren Kunden abzuschlie\u00dfen. Mit erfolgreichen Projekten sind wir auf dem Weg, das zuverl\u00e4ssigste Zerspanungsunternehmen in der T\u00fcrkei zu werden.<\/p>\n<p><span class=\"icon-container\"><span class=\"fa fa-check\"><\/span><\/span><strong>Immer gut<\/strong><\/p>\n<p>Wir sind bestrebt, alle Produkte innerhalb des mit unseren Kunden vereinbarten Zeitrahmens fertigzustellen. Wir verwenden die besten Werkzeuge, um sicherzustellen, dass alle Arbeiten schnell erledigt werden und wir auf Details achten und alles korrekt ausf\u00fchren.<\/p>\n<\/div>\n<\/div><\/div><\/div><div id=\"pgc-7-2-1\"  class=\"panel-grid-cell\" ><div id=\"panel-7-2-1-0\" class=\"so-panel widget widget_sow-editor panel-first-child\" data-index=\"4\" ><div\n\t\t\t\n\t\t\tclass=\"so-widget-sow-editor so-widget-sow-editor-base\"\n\t\t\t\n\t\t>\n<div class=\"siteorigin-widget-tinymce textwidget\">\n\t<p>&nbsp;<\/p>\n<\/div>\n<\/div><\/div><div id=\"panel-7-2-1-1\" class=\"so-panel widget widget_sow-editor panel-last-child\" data-index=\"5\" ><div\n\t\t\t\n\t\t\tclass=\"so-widget-sow-editor so-widget-sow-editor-base\"\n\t\t\t\n\t\t>\n<div class=\"siteorigin-widget-tinymce textwidget\">\n\t<p><img loading=\"lazy\" decoding=\"async\" class=\"alignleft wp-image-3400 size-medium\" src=\"http:\/\/www.strongotomotiv.com\/wp-content\/uploads\/2019\/11\/hakkimizda-300x225.jpg\" alt=\"\" width=\"300\" height=\"225\" \/><\/p>\n<p>Unser Unternehmen, das 2012 als Hayret Cnc Torna San.Tic.Ltd \u015eti in Sar\u0131gazi, Istanbul, zum Thema Bearbeitung gegr\u00fcndet wurde, \u00e4nderte 2019 seine Partnerschaftsstruktur und wurde zu Strong Otomotiv San and Tic. Ltd. \u015eti. Unter diesem Namen wurde der Betrieb aufgenommen. Da die Werkstatt in Sar\u0131gazi nicht ausreichte, wurde sie 2014 an den Industriestandort Sancaktepe Perpim verlegt.<\/p>\n<p>Unser Unternehmen ist seit seiner Gr\u00fcndung Lieferant und L\u00f6sungspartner vieler Unternehmen, indem es seinen Maschinenpark erweitert und eine schnelle, qualitativ hochwertige und sorgf\u00e4ltige Verarbeitung in der Bearbeitung gew\u00e4hrleistet.<\/p>\n<h5><a href=\"https:\/\/www.strongotomotiv.com\/de\/ueber-uns\/\"><strong>Devam\u0131<\/strong><\/a><\/h5>\n<\/div>\n<\/div><\/div><\/div><\/div><div id=\"pg-7-3\"  class=\"panel-grid panel-has-style\" ><div class=\"siteorigin-panels-stretch panel-row-style panel-row-style-for-7-3\" data-stretch-type=\"full\" ><div id=\"pgc-7-3-0\"  class=\"panel-grid-cell\" ><div id=\"panel-7-3-0-0\" class=\"so-panel widget widget_sow-editor panel-first-child panel-last-child\" data-index=\"6\" ><div\n\t\t\t\n\t\t\tclass=\"so-widget-sow-editor so-widget-sow-editor-base\"\n\t\t\t\n\t\t>\n<div class=\"siteorigin-widget-tinymce textwidget\">\n\t<div class=\"motivational-text\">Unser Versprechen als Auftragnehmer besteht darin, jedes Projekt mit Sorgfalt anzugehen, indem wir professionellen, fachkundigen, au\u00dfergew\u00f6hnlichen Kundenservice und hochwertige Bauleistungen bieten.<\/div><\/div>\n<\/div><\/div><\/div><\/div><\/div><div id=\"pg-7-4\"  class=\"panel-grid panel-no-style\" ><div id=\"pgc-7-4-0\"  class=\"panel-grid-cell\" ><div id=\"panel-7-4-0-0\" class=\"so-panel widget widget_text panel-first-child panel-last-child\" data-index=\"7\" >\t\t\t<div class=\"textwidget\"><div class=\"logo-panel\">\n<div class=\"row\">\n<div class=\"col-xs-12  col-sm-2\">\n      <img decoding=\"async\" src=\"http:\/\/strongotomotiv.com\/wp-content\/uploads\/2019\/11\/2739-scaled.jpg\" alt=\"Client\">\n    <\/div>\n<div class=\"col-xs-12  col-sm-2\">\n      <img decoding=\"async\" src=\"http:\/\/strongotomotiv.com\/wp-content\/uploads\/2019\/11\/2744-scaled.jpg\" alt=\"Client\">\n    <\/div>\n<div class=\"col-xs-12  col-sm-2\">\n      <img decoding=\"async\" src=\"http:\/\/strongotomotiv.com\/wp-content\/uploads\/2019\/11\/2746-scaled.jpg\" alt=\"Client\">\n    <\/div>\n<div class=\"col-xs-12  col-sm-2\">\n      <img decoding=\"async\" src=\"http:\/\/strongotomotiv.com\/wp-content\/uploads\/2019\/11\/2747-scaled.jpg\" alt=\"Client\">\n    <\/div>\n<div class=\"col-xs-12  col-sm-2\">\n      <img decoding=\"async\" src=\"http:\/\/strongotomotiv.com\/wp-content\/uploads\/2019\/11\/2761-scaled.jpg\" alt=\"Client\">\n    <\/div>\n<div class=\"col-xs-12  col-sm-2\">\n      <img decoding=\"async\" src=\"http:\/\/strongotomotiv.com\/wp-content\/uploads\/2019\/11\/2776-scaled.jpg\" alt=\"Client\">\n    <\/div>\n<div class=\"col-xs-12  col-sm-2\">\n      <img decoding=\"async\" src=\"http:\/\/strongotomotiv.com\/wp-content\/uploads\/2019\/11\/2777-scaled.jpg\" alt=\"Client\">\n    <\/div>\n<div class=\"col-xs-12  col-sm-2\">\n      <img decoding=\"async\" src=\"http:\/\/strongotomotiv.com\/wp-content\/uploads\/2019\/11\/2787-scaled.jpg\" alt=\"Client\">\n    <\/div>\n<div class=\"col-xs-12  col-sm-2\">\n      <img decoding=\"async\" src=\"http:\/\/strongotomotiv.com\/wp-content\/uploads\/2019\/11\/2788-scaled.jpg\" alt=\"Client\">\n    <\/div>\n<div class=\"col-xs-12  col-sm-2\">\n      <img decoding=\"async\" src=\"http:\/\/strongotomotiv.com\/wp-content\/uploads\/2019\/11\/2790-scaled.jpg\" alt=\"Client\">\n    <\/div>\n<div class=\"col-xs-12  col-sm-2\">\n      <img decoding=\"async\" src=\"http:\/\/strongotomotiv.com\/wp-content\/uploads\/2019\/11\/2796-scaled.jpg\" alt=\"Client\">\n    <\/div>\n<div class=\"col-xs-12  col-sm-2\">\n      <img decoding=\"async\" src=\"http:\/\/strongotomotiv.com\/wp-content\/uploads\/2019\/11\/2811-scaled.jpg\" alt=\"Client\">\n    <\/div>\n<\/p><\/div>\n<\/div>\n<\/div>\n\t\t<\/div><\/div><\/div><\/div>","protected":false},"excerpt":{"rendered":"<p>M\u00f6chten Sie mit uns an Ihren Projekten und Werken zusammenarbeiten? \u00c7ALI\u015eMALARIMIZ\u00a0\u00a0\u00a0Kontakt &nbsp; Wir erledigen unsere Arbeit mit Liebe und Respekt Wir unternehmen entschlossene Schritte, um ein angesehenes und erfolgreiches Unternehmen in der T\u00fcrkei zu werden, indem wir uns weiterentwickeln. Bei der Erbringung unserer Dienstleistungen f\u00fcr unsere Kunden stellen wir sicher, dass alle unsere Projekte professionell &hellip;<\/p>\n","protected":false},"author":1,"featured_media":0,"parent":0,"menu_order":0,"comment_status":"closed","ping_status":"closed","template":"template-front-page-slider.php","meta":{"footnotes":""},"_links":{"self":[{"href":"https:\/\/www.strongotomotiv.com\/de\/wp-json\/wp\/v2\/pages\/7"}],"collection":[{"href":"https:\/\/www.strongotomotiv.com\/de\/wp-json\/wp\/v2\/pages"}],"about":[{"href":"https:\/\/www.strongotomotiv.com\/de\/wp-json\/wp\/v2\/types\/page"}],"author":[{"embeddable":true,"href":"https:\/\/www.strongotomotiv.com\/de\/wp-json\/wp\/v2\/users\/1"}],"replies":[{"embeddable":true,"href":"https:\/\/www.strongotomotiv.com\/de\/wp-json\/wp\/v2\/comments?post=7"}],"version-history":[{"count":18,"href":"https:\/\/www.strongotomotiv.com\/de\/wp-json\/wp\/v2\/pages\/7\/revisions"}],"predecessor-version":[{"id":3193,"href":"https:\/\/www.strongotomotiv.com\/de\/wp-json\/wp\/v2\/pages\/7\/revisions\/3193"}],"wp:attachment":[{"href":"https:\/\/www.strongotomotiv.com\/de\/wp-json\/wp\/v2\/media?parent=7"}],"curies":[{"name":"wp","href":"https:\/\/api.w.org\/{rel}","templated":true}]}}