{"id":444,"date":"2014-11-19T17:12:03","date_gmt":"2014-11-19T17:12:03","guid":{"rendered":"https:\/\/xml-io.proteusthemes.com\/buildpress\/?page_id=444"},"modified":"2023-11-21T20:50:49","modified_gmt":"2023-11-21T17:50:49","slug":"kontakt","status":"publish","type":"page","link":"https:\/\/www.strongotomotiv.com\/de\/kontakt\/","title":{"rendered":"Kontakt"},"content":{"rendered":"<div id=\"pl-444\"  class=\"panel-layout\" ><div id=\"pg-444-0\"  class=\"panel-grid panel-no-style\" ><div id=\"pgc-444-0-0\"  class=\"panel-grid-cell\" ><div id=\"panel-444-0-0-0\" class=\"widget_text so-panel widget widget_custom_html panel-first-child\" data-index=\"0\" ><div class=\"textwidget custom-html-widget\"><\/iframe><\/div><\/div><div id=\"panel-444-0-0-1\" class=\"so-panel widget widget_sow-editor panel-last-child\" data-index=\"1\" ><div\n\t\t\t\n\t\t\tclass=\"so-widget-sow-editor so-widget-sow-editor-base\"\n\t\t\t\n\t\t>\n<div class=\"siteorigin-widget-tinymce textwidget\">\n\t<\/div>\n<\/div><\/div><\/div><\/div><div id=\"pg-444-1\"  class=\"panel-grid panel-no-style\" ><div id=\"pgc-444-1-0\"  class=\"panel-grid-cell\" ><div id=\"panel-444-1-0-0\" class=\"so-panel widget widget_sow-editor panel-first-child\" data-index=\"2\" ><div\n\t\t\t\n\t\t\tclass=\"so-widget-sow-editor so-widget-sow-editor-base\"\n\t\t\t\n\t\t>\n<div class=\"siteorigin-widget-tinymce textwidget\">\n\t<p><b>STRONG OTOMOT\u0130V<\/b><br \/>\nMeclis Mh. Teraziler Cd. No:31\/A D:67 Sancaktepe\/\u0130stanbul<\/p>\n<p><b>(0850) 225 33 49<\/b><br \/>\n<b>(0216) 314 10 56<\/b><br \/>\n<a href=\"mailto:info@strongotomotiv.com\">info@strongotomotiv.com<\/a><\/p>\n<\/div>\n<\/div><\/div><div id=\"panel-444-1-0-1\" class=\"so-panel widget widget_pt_social_icons widget-social-icons panel-last-child\" data-index=\"3\" >\t\t\t\t<a class=\"social-icons__link\" href=\"#\" target=\"_blank\"><i class=\"fa  fa-facebook\"><\/i><\/a>\n\t\t\t\t\t\t\t<a class=\"social-icons__link\" href=\"#\" target=\"_blank\"><i class=\"fa  fa-twitter\"><\/i><\/a>\n\t\t\t\t\t\t\t<a class=\"social-icons__link\" href=\"#\" target=\"_blank\"><i class=\"fa  fa-youtube\"><\/i><\/a>\n\t\t\t<\/div><\/div><div id=\"pgc-444-1-1\"  class=\"panel-grid-cell\" ><div id=\"panel-444-1-1-0\" class=\"so-panel widget widget_sow-editor panel-first-child panel-last-child\" data-index=\"4\" ><div\n\t\t\t\n\t\t\tclass=\"so-widget-sow-editor so-widget-sow-editor-base\"\n\t\t\t\n\t\t>\n<div class=\"siteorigin-widget-tinymce textwidget\">\n\t<div class=\"screen-reader-response\"><\/div>\n<form class=\"wpcf7-form\" action=\"\/wp-admin\/post.php#wpcf7-f5-o2\" method=\"post\" novalidate=\"novalidate\">\n<div style=\"display: none;\"><input name=\"_wpcf7\" type=\"hidden\" value=\"5\"><br \/>\n<input name=\"_wpcf7_version\" type=\"hidden\" value=\"5.1.5\"><br \/>\n<input name=\"_wpcf7_locale\" type=\"hidden\" value=\"tr_TR\"><br \/>\n<input name=\"_wpcf7_unit_tag\" type=\"hidden\" value=\"wpcf7-f5-o2\"><br \/>\n<input name=\"_wpcf7_container_post\" type=\"hidden\" value=\"0\"><\/div>\n<p><label> Ad\u0131n\u0131z Soyad\u0131n\u0131z (zorunlu)<br \/>\n<span class=\"wpcf7-form-control-wrap your-name\"><input class=\"wpcf7-form-control wpcf7-text wpcf7-validates-as-required\" name=\"your-name\" size=\"40\" type=\"text\" value=\"\" aria-required=\"true\" aria-invalid=\"false\"><\/span> <\/label><\/p>\n<p><label> Email (zorunlu)<br \/>\n<span class=\"wpcf7-form-control-wrap your-email\"><input class=\"wpcf7-form-control wpcf7-text wpcf7-email wpcf7-validates-as-required wpcf7-validates-as-email\" name=\"your-email\" size=\"40\" type=\"email\" value=\"\" aria-required=\"true\" aria-invalid=\"false\"><\/span> <\/label><\/p>\n<p><label> Konu<br \/>\n<span class=\"wpcf7-form-control-wrap your-subject\"><input class=\"wpcf7-form-control wpcf7-text\" name=\"your-subject\" size=\"40\" type=\"text\" value=\"\" aria-invalid=\"false\"><\/span> <\/label><\/p>\n<p><label> Mesaj \u0130\u00e7eri\u011fi<br \/>\n<span class=\"wpcf7-form-control-wrap your-message\"><textarea class=\"wpcf7-form-control wpcf7-textarea\" cols=\"40\" name=\"your-message\" rows=\"10\" aria-invalid=\"false\"><\/textarea><\/span> <\/label><\/p>\n<p><input class=\"wpcf7-form-control wpcf7-submit\" type=\"submit\" value=\"G\u00f6nder\"><\/p>\n<div class=\"wpcf7-response-output wpcf7-display-none\"><\/div>\n<\/form>\n<\/div>\n<\/div><\/div><\/div><\/div><\/div>","protected":false},"excerpt":{"rendered":"<p>STRONG OTOMOT\u0130V Meclis Mh. Teraziler Cd. No:31\/A D:67 Sancaktepe\/\u0130stanbul (0850) 225 33 49 (0216) 314 10 56 info@strongotomotiv.com Ad\u0131n\u0131z Soyad\u0131n\u0131z (zorunlu) Email (zorunlu) Konu Mesaj \u0130\u00e7eri\u011fi<\/p>\n","protected":false},"author":1,"featured_media":0,"parent":0,"menu_order":0,"comment_status":"closed","ping_status":"closed","template":"template-builder-page.php","meta":{"footnotes":""},"_links":{"self":[{"href":"https:\/\/www.strongotomotiv.com\/de\/wp-json\/wp\/v2\/pages\/444"}],"collection":[{"href":"https:\/\/www.strongotomotiv.com\/de\/wp-json\/wp\/v2\/pages"}],"about":[{"href":"https:\/\/www.strongotomotiv.com\/de\/wp-json\/wp\/v2\/types\/page"}],"author":[{"embeddable":true,"href":"https:\/\/www.strongotomotiv.com\/de\/wp-json\/wp\/v2\/users\/1"}],"replies":[{"embeddable":true,"href":"https:\/\/www.strongotomotiv.com\/de\/wp-json\/wp\/v2\/comments?post=444"}],"version-history":[{"count":5,"href":"https:\/\/www.strongotomotiv.com\/de\/wp-json\/wp\/v2\/pages\/444\/revisions"}],"predecessor-version":[{"id":3187,"href":"https:\/\/www.strongotomotiv.com\/de\/wp-json\/wp\/v2\/pages\/444\/revisions\/3187"}],"wp:attachment":[{"href":"https:\/\/www.strongotomotiv.com\/de\/wp-json\/wp\/v2\/media?parent=444"}],"curies":[{"name":"wp","href":"https:\/\/api.w.org\/{rel}","templated":true}]}}