{"id":3226,"date":"2024-01-06T17:24:25","date_gmt":"2024-01-06T14:24:25","guid":{"rendered":"https:\/\/www.strongotomotiv.com\/de\/?page_id=3226"},"modified":"2024-01-06T17:56:07","modified_gmt":"2024-01-06T14:56:07","slug":"produktion","status":"publish","type":"page","link":"https:\/\/www.strongotomotiv.com\/de\/produktion\/","title":{"rendered":"Produktion"},"content":{"rendered":"<div id=\"pl-3143\"  class=\"panel-layout\" >\n<div id=\"pg-3143-0\"  class=\"panel-grid panel-no-style\" >\n<div id=\"pgc-3143-0-0\"  class=\"panel-grid-cell\"  data-weight=\"1\" >\n<div id=\"panel-3143-0-0-0\" class=\"so-panel widget widget_black-studio-tinymce widget_black_studio_tinymce panel-first-child\" data-index=\"0\" data-style=\"{&quot;background_image_attachment&quot;:false,&quot;background_display&quot;:&quot;tile&quot;,&quot;background_image_size&quot;:&quot;full&quot;,&quot;background_image_opacity&quot;:&quot;100&quot;,&quot;border_thickness&quot;:&quot;1px&quot;}\" >\n<div class=\"textwidget\"><center><\/p>\n<div id='gallery-1' class='gallery galleryid-0 gallery-columns-5 gallery-size-thumbnail'>\n<figure class='gallery-item'>\n<div class='gallery-icon landscape'>\n\t\t\t\t<a href='https:\/\/www.strongotomotiv.com\/wp-content\/uploads\/2024\/01\/PROFIL-PROJEKTOR.jpg'><img width=\"150\" height=\"150\" src=\"https:\/\/www.strongotomotiv.com\/wp-content\/uploads\/2024\/01\/PROFIL-PROJEKTOR-150x150.jpg\" class=\"attachment-thumbnail size-thumbnail\" alt=\"\" decoding=\"async\" loading=\"lazy\" \/><\/a>\n\t\t\t<\/div>\n<\/figure>\n<figure class='gallery-item'>\n<div class='gallery-icon landscape'>\n\t\t\t\t<a href='https:\/\/www.strongotomotiv.com\/wp-content\/uploads\/2024\/01\/KONTUR-TARAMA-OLCUM-ALETI.jpg'><img width=\"150\" height=\"150\" src=\"https:\/\/www.strongotomotiv.com\/wp-content\/uploads\/2024\/01\/KONTUR-TARAMA-OLCUM-ALETI-150x150.jpg\" class=\"attachment-thumbnail size-thumbnail\" alt=\"\" decoding=\"async\" loading=\"lazy\" \/><\/a>\n\t\t\t<\/div>\n<\/figure>\n<figure class='gallery-item'>\n<div class='gallery-icon landscape'>\n\t\t\t\t<a href='https:\/\/www.strongotomotiv.com\/wp-content\/uploads\/2024\/01\/OPTIK-PROFIL-POJEKTOR-OLCUM-ALETI.jpg'><img width=\"150\" height=\"150\" src=\"https:\/\/www.strongotomotiv.com\/wp-content\/uploads\/2024\/01\/OPTIK-PROFIL-POJEKTOR-OLCUM-ALETI-150x150.jpg\" class=\"attachment-thumbnail size-thumbnail\" alt=\"\" decoding=\"async\" loading=\"lazy\" \/><\/a>\n\t\t\t<\/div>\n<\/figure>\n<figure class='gallery-item'>\n<div class='gallery-icon landscape'>\n\t\t\t\t<a href='https:\/\/www.strongotomotiv.com\/wp-content\/uploads\/2024\/01\/5fdac0a1-378f-4ea1-a75a-f636ff7d656d-002.jpg'><img width=\"150\" height=\"150\" src=\"https:\/\/www.strongotomotiv.com\/wp-content\/uploads\/2024\/01\/5fdac0a1-378f-4ea1-a75a-f636ff7d656d-002-150x150.jpg\" class=\"attachment-thumbnail size-thumbnail\" alt=\"\" decoding=\"async\" loading=\"lazy\" \/><\/a>\n\t\t\t<\/div>\n<\/figure>\n<figure class='gallery-item'>\n<div class='gallery-icon landscape'>\n\t\t\t\t<a href='https:\/\/www.strongotomotiv.com\/wp-content\/uploads\/2024\/01\/PHOTO-2023-05-16-16-22-45-002.jpg'><img width=\"150\" height=\"150\" src=\"https:\/\/www.strongotomotiv.com\/wp-content\/uploads\/2024\/01\/PHOTO-2023-05-16-16-22-45-002-150x150.jpg\" class=\"attachment-thumbnail size-thumbnail\" alt=\"\" decoding=\"async\" loading=\"lazy\" \/><\/a>\n\t\t\t<\/div>\n<\/figure>\n<figure class='gallery-item'>\n<div class='gallery-icon landscape'>\n\t\t\t\t<a href='https:\/\/www.strongotomotiv.com\/wp-content\/uploads\/2019\/12\/hakkimizda.jpg'><img width=\"150\" height=\"150\" src=\"https:\/\/www.strongotomotiv.com\/wp-content\/uploads\/2019\/12\/hakkimizda-150x150.jpg\" class=\"attachment-thumbnail size-thumbnail\" alt=\"\" decoding=\"async\" loading=\"lazy\" \/><\/a>\n\t\t\t<\/div>\n<\/figure>\n<figure class='gallery-item'>\n<div class='gallery-icon portrait'>\n\t\t\t\t<a href='https:\/\/www.strongotomotiv.com\/wp-content\/uploads\/2019\/12\/\u00fcretim-cnc.jpg'><img width=\"150\" height=\"150\" src=\"https:\/\/www.strongotomotiv.com\/wp-content\/uploads\/2019\/12\/\u00fcretim-cnc-150x150.jpg\" class=\"attachment-thumbnail size-thumbnail\" alt=\"\" decoding=\"async\" loading=\"lazy\" \/><\/a>\n\t\t\t<\/div>\n<\/figure>\n<figure class='gallery-item'>\n<div class='gallery-icon landscape'>\n\t\t\t\t<a href='https:\/\/www.strongotomotiv.com\/wp-content\/uploads\/2019\/12\/\u00fcretim-cnc2.jpg'><img width=\"150\" height=\"150\" src=\"https:\/\/www.strongotomotiv.com\/wp-content\/uploads\/2019\/12\/\u00fcretim-cnc2-150x150.jpg\" class=\"attachment-thumbnail size-thumbnail\" alt=\"\" decoding=\"async\" loading=\"lazy\" \/><\/a>\n\t\t\t<\/div>\n<\/figure>\n<figure class='gallery-item'>\n<div class='gallery-icon landscape'>\n\t\t\t\t<a href='https:\/\/www.strongotomotiv.com\/wp-content\/uploads\/2019\/12\/\u00fcretim-cnc23.jpg'><img width=\"150\" height=\"150\" src=\"https:\/\/www.strongotomotiv.com\/wp-content\/uploads\/2019\/12\/\u00fcretim-cnc23-150x150.jpg\" class=\"attachment-thumbnail size-thumbnail\" alt=\"\" decoding=\"async\" loading=\"lazy\" \/><\/a>\n\t\t\t<\/div>\n<\/figure>\n<figure class='gallery-item'>\n<div class='gallery-icon portrait'>\n\t\t\t\t<a href='https:\/\/www.strongotomotiv.com\/wp-content\/uploads\/2019\/12\/\u00fcretim-cnc-strong.jpg'><img width=\"150\" height=\"150\" src=\"https:\/\/www.strongotomotiv.com\/wp-content\/uploads\/2019\/12\/\u00fcretim-cnc-strong-150x150.jpg\" class=\"attachment-thumbnail size-thumbnail\" alt=\"\" decoding=\"async\" loading=\"lazy\" \/><\/a>\n\t\t\t<\/div>\n<\/figure>\n<figure class='gallery-item'>\n<div class='gallery-icon landscape'>\n\t\t\t\t<a href='https:\/\/www.strongotomotiv.com\/wp-content\/uploads\/2019\/12\/\u00fcretim-cnc-torna-323.jpg'><img width=\"150\" height=\"150\" src=\"https:\/\/www.strongotomotiv.com\/wp-content\/uploads\/2019\/12\/\u00fcretim-cnc-torna-323-150x150.jpg\" class=\"attachment-thumbnail size-thumbnail\" alt=\"\" decoding=\"async\" loading=\"lazy\" \/><\/a>\n\t\t\t<\/div>\n<\/figure><\/div>\n<p>&nbsp;<\/p>\n<p>&nbsp;<\/p>\n<p><\/center><\/div>\n<\/div>\n<div id=\"panel-3143-0-0-1\" class=\"so-panel widget widget_text\" data-index=\"1\" data-style=\"{&quot;background_image_attachment&quot;:false,&quot;background_display&quot;:&quot;tile&quot;,&quot;background_image_size&quot;:&quot;full&quot;,&quot;background_image_opacity&quot;:&quot;100&quot;,&quot;border_thickness&quot;:&quot;1px&quot;}\" >\n<div class=\"textwidget\"><\/div>\n<\/p><\/div>\n<div id=\"panel-3143-0-0-2\" class=\"so-panel widget widget_sow-editor panel-last-child\" data-index=\"2\" data-style=\"{&quot;background_image_attachment&quot;:false,&quot;background_display&quot;:&quot;tile&quot;,&quot;background_image_size&quot;:&quot;full&quot;,&quot;background_image_opacity&quot;:&quot;100&quot;,&quot;border_thickness&quot;:&quot;1px&quot;}\" >\n<div\n\t\t\t\n\t\t\tclass=\"so-widget-sow-editor so-widget-sow-editor-base\"\n\t\t\t\n\t\t><\/p>\n<div class=\"siteorigin-widget-tinymce textwidget\">\n<table class=\"buildpress-table\">\n<thead>\n<tr>\n<th><\/th>\n<th class=\"align-center\">MARKA T\u0130P\u0130<\/th>\n<th class=\"align-center\">KAPAS\u0130TE<\/th>\n<th class=\"align-center\">ADET<\/th>\n<\/tr>\n<\/thead>\n<tbody>\n<tr>\n<td>1<\/td>\n<td class=\"align-center\">DMC GANK T\u0130P\u0130<\/td>\n<td class=\"align-center\">6&#8243;<\/td>\n<td class=\"align-center\">1<\/td>\n<\/tr>\n<tr>\n<td>2<\/td>\n<td class=\"align-center\">DMC GANK T\u0130P\u0130 CUBUK S\u00dcR\u00dcC\u00dcL\u00dc<\/td>\n<td class=\"align-center\">6&#8243;<\/td>\n<td class=\"align-center\">1<\/td>\n<\/tr>\n<tr>\n<td>3<\/td>\n<td class=\"align-center\">YANG<\/td>\n<td class=\"align-center\">10&#8243;<\/td>\n<td class=\"align-center\">1<\/td>\n<\/tr>\n<tr>\n<td>4<\/td>\n<td class=\"align-center\">K\u0130T\u0130GAVA<\/td>\n<td class=\"align-center\">8&#8243;<\/td>\n<td class=\"align-center\">2<\/td>\n<\/tr>\n<tr>\n<td>5<\/td>\n<td class=\"align-center\">K\u0130T\u0130GAVA<\/td>\n<td class=\"align-center\">10&#8243;<\/td>\n<td class=\"align-center\">1<\/td>\n<\/tr>\n<tr>\n<td>6<\/td>\n<td class=\"align-center\">\u015eER\u0130T TESTERE<\/td>\n<td class=\"align-center\">&#8211;<\/td>\n<td class=\"align-center\">1<\/td>\n<\/tr>\n<tr>\n<td>7<\/td>\n<td class=\"align-center\">MATKAP<\/td>\n<td class=\"align-center\">&#8211;<\/td>\n<td class=\"align-center\">1<\/td>\n<\/tr>\n<tr>\n<td>8<\/td>\n<td class=\"align-center\">SUNSHINE BRAND CNC D\u0130K \u0130\u015eLEME<\/td>\n<td class=\"align-center\">&#8211;<\/td>\n<td class=\"align-center\">1<\/td>\n<\/tr>\n<\/tbody>\n<\/table>\n<\/div>\n<\/div>\n<\/div>\n<\/div>\n<\/div>\n<\/div>\n","protected":false},"excerpt":{"rendered":"<p>&nbsp; &nbsp; MARKA T\u0130P\u0130 KAPAS\u0130TE ADET 1 DMC GANK T\u0130P\u0130 6&#8243; 1 2 DMC GANK T\u0130P\u0130 CUBUK S\u00dcR\u00dcC\u00dcL\u00dc 6&#8243; 1 3 YANG 10&#8243; 1 4 K\u0130T\u0130GAVA 8&#8243; 2 5 K\u0130T\u0130GAVA 10&#8243; 1 6 \u015eER\u0130T TESTERE &#8211; 1 7 MATKAP &#8211; 1 8 SUNSHINE BRAND CNC D\u0130K \u0130\u015eLEME &#8211; 1<\/p>\n","protected":false},"author":1,"featured_media":0,"parent":0,"menu_order":0,"comment_status":"closed","ping_status":"closed","template":"","meta":{"footnotes":""},"_links":{"self":[{"href":"https:\/\/www.strongotomotiv.com\/de\/wp-json\/wp\/v2\/pages\/3226"}],"collection":[{"href":"https:\/\/www.strongotomotiv.com\/de\/wp-json\/wp\/v2\/pages"}],"about":[{"href":"https:\/\/www.strongotomotiv.com\/de\/wp-json\/wp\/v2\/types\/page"}],"author":[{"embeddable":true,"href":"https:\/\/www.strongotomotiv.com\/de\/wp-json\/wp\/v2\/users\/1"}],"replies":[{"embeddable":true,"href":"https:\/\/www.strongotomotiv.com\/de\/wp-json\/wp\/v2\/comments?post=3226"}],"version-history":[{"count":5,"href":"https:\/\/www.strongotomotiv.com\/de\/wp-json\/wp\/v2\/pages\/3226\/revisions"}],"predecessor-version":[{"id":3250,"href":"https:\/\/www.strongotomotiv.com\/de\/wp-json\/wp\/v2\/pages\/3226\/revisions\/3250"}],"wp:attachment":[{"href":"https:\/\/www.strongotomotiv.com\/de\/wp-json\/wp\/v2\/media?parent=3226"}],"curies":[{"name":"wp","href":"https:\/\/api.w.org\/{rel}","templated":true}]}}