{"id":3217,"date":"2024-01-06T17:09:12","date_gmt":"2024-01-06T14:09:12","guid":{"rendered":"https:\/\/www.strongotomotiv.com\/de\/?page_id=3217"},"modified":"2024-01-06T17:13:38","modified_gmt":"2024-01-06T14:13:38","slug":"zertifikat","status":"publish","type":"page","link":"https:\/\/www.strongotomotiv.com\/de\/zertifikat\/","title":{"rendered":"Zertifikat"},"content":{"rendered":"<p><a href=\"http:\/\/www.strongotomotiv.com\/STRONG OTOMOT\u0130V SAN. VE T\u0130C. LTD. \u015eT\u0130. - IAS - 9001.pdf\"><img loading=\"lazy\" decoding=\"async\" class=\"size-medium wp-image-3556 alignleft\" src=\"http:\/\/www.strongotomotiv.com\/wp-content\/uploads\/2020\/12\/CARE-LOGO-1-208x300.jpg\" alt=\"\" width=\"208\" height=\"300\" \/><\/a><\/p>\n<p style=\"text-align: center;\"><img loading=\"lazy\" decoding=\"async\" class=\"alignright size-medium wp-image-3557\" src=\"http:\/\/www.strongotomotiv.com\/wp-content\/uploads\/2020\/12\/IAS-LOGO-264x300.jpg\" alt=\"\" width=\"264\" height=\"300\" \/><\/p>\n<p><img loading=\"lazy\" decoding=\"async\" class=\"size-medium wp-image-3558 aligncenter\" src=\"http:\/\/www.strongotomotiv.com\/wp-content\/uploads\/2020\/12\/LOGO-300x249.png\" alt=\"\" width=\"300\" height=\"249\" \/><\/p>\n","protected":false},"excerpt":{"rendered":"","protected":false},"author":1,"featured_media":0,"parent":0,"menu_order":0,"comment_status":"closed","ping_status":"closed","template":"","meta":{"footnotes":""},"_links":{"self":[{"href":"https:\/\/www.strongotomotiv.com\/de\/wp-json\/wp\/v2\/pages\/3217"}],"collection":[{"href":"https:\/\/www.strongotomotiv.com\/de\/wp-json\/wp\/v2\/pages"}],"about":[{"href":"https:\/\/www.strongotomotiv.com\/de\/wp-json\/wp\/v2\/types\/page"}],"author":[{"embeddable":true,"href":"https:\/\/www.strongotomotiv.com\/de\/wp-json\/wp\/v2\/users\/1"}],"replies":[{"embeddable":true,"href":"https:\/\/www.strongotomotiv.com\/de\/wp-json\/wp\/v2\/comments?post=3217"}],"version-history":[{"count":2,"href":"https:\/\/www.strongotomotiv.com\/de\/wp-json\/wp\/v2\/pages\/3217\/revisions"}],"predecessor-version":[{"id":3224,"href":"https:\/\/www.strongotomotiv.com\/de\/wp-json\/wp\/v2\/pages\/3217\/revisions\/3224"}],"wp:attachment":[{"href":"https:\/\/www.strongotomotiv.com\/de\/wp-json\/wp\/v2\/media?parent=3217"}],"curies":[{"name":"wp","href":"https:\/\/api.w.org\/{rel}","templated":true}]}}