{"id":171,"date":"2014-10-24T11:30:58","date_gmt":"2014-10-24T11:30:58","guid":{"rendered":"https:\/\/xml-io.proteusthemes.com\/buildpress\/?page_id=171"},"modified":"2023-11-21T20:46:13","modified_gmt":"2023-11-21T17:46:13","slug":"ueber-uns","status":"publish","type":"page","link":"https:\/\/www.strongotomotiv.com\/de\/ueber-uns\/","title":{"rendered":"\u00dcber Uns"},"content":{"rendered":"<p><img loading=\"lazy\" decoding=\"async\" class=\"alignright size-medium wp-image-3400\" src=\"http:\/\/strongotomotiv.com\/wp-content\/uploads\/2019\/11\/hakkimizda-300x225.jpg\" alt=\"\" width=\"300\" height=\"225\" \/> Unser Unternehmen, das 2012 als Hayret Cnc Torna San.Tic.Ltd \u015eti in Sar\u0131gazi, Istanbul, zum Thema Bearbeitung gegr\u00fcndet wurde, \u00e4nderte 2019 seine Partnerschaftsstruktur und wurde zu Strong Otomotiv San and Tic. GmbH. GmbH. Unter diesem Namen wurde der Betrieb aufgenommen. Da die Werkstatt in Sar\u0131gazi nicht ausreichte, wurde sie 2014 an den Industriestandort Sancaktepe Perpim verlegt.<\/p>\n<p>Unser Unternehmen ist seit seiner Gr\u00fcndung Lieferant und L\u00f6sungspartner vieler Unternehmen, indem es seinen Maschinenpark erweitert und eine schnelle, qualitativ hochwertige und sorgf\u00e4ltige Verarbeitung in der Bearbeitung gew\u00e4hrleistet.<\/p>\n<p>Es ist m\u00f6glich, die von Strong Automotive hergestellten Produkte in allen Bereichen zu sehen, von der Automobilindustrie bis hin zu Maschinenteilen. Mit technischen Zeichnungen, Aluminium, Kupfer, Edelstahl und allen anderen Stahllegierungen sowie Muttern, Bolzen, Stiften, Unterlegscheiben, Stehbolzen, Verschraubungen, Nippeln, Buchsen usw. Wir sind auf dem Weg, das beste Unternehmen f\u00fcr die Bearbeitung von Produkten speziell f\u00fcr Sie zu werden.<\/p>\n<p><strong>Unsere Aufgabe<\/strong><br \/>\nDie Mission von Strong Automotive besteht darin, zuverl\u00e4ssige, qualitativ hochwertige und vollst\u00e4ndige Produkte p\u00fcnktlich f\u00fcr alle Bereiche der Zerspanung bereitzustellen, entsprechend den Bedingungen seiner Kunden und anderen materiellen technischen Bedingungen.<br \/>\n<strong>unsere Vision<\/strong><br \/>\nStrong Automotive verfolgt die Vision, ein pr\u00e4ziser und zuverl\u00e4ssiger Lieferant und L\u00f6sungspartner f\u00fcr alle Spezialaufgaben mit moderner Produktion und Qualit\u00e4tskontrolle in allen Sektoren zu sein, indem das Gesch\u00e4ftsvolumen in der Bearbeitung verbessert wird.<\/p>\n","protected":false},"excerpt":{"rendered":"<p>Unser Unternehmen, das 2012 als Hayret Cnc Torna San.Tic.Ltd \u015eti in Sar\u0131gazi, Istanbul, zum Thema Bearbeitung gegr\u00fcndet wurde, \u00e4nderte 2019 seine Partnerschaftsstruktur und wurde zu Strong Otomotiv San and Tic. GmbH. GmbH. Unter diesem Namen wurde der Betrieb aufgenommen. Da die Werkstatt in Sar\u0131gazi nicht ausreichte, wurde sie 2014 an den Industriestandort Sancaktepe Perpim verlegt. &hellip;<\/p>\n","protected":false},"author":1,"featured_media":0,"parent":0,"menu_order":0,"comment_status":"closed","ping_status":"closed","template":"","meta":{"footnotes":""},"_links":{"self":[{"href":"https:\/\/www.strongotomotiv.com\/de\/wp-json\/wp\/v2\/pages\/171"}],"collection":[{"href":"https:\/\/www.strongotomotiv.com\/de\/wp-json\/wp\/v2\/pages"}],"about":[{"href":"https:\/\/www.strongotomotiv.com\/de\/wp-json\/wp\/v2\/types\/page"}],"author":[{"embeddable":true,"href":"https:\/\/www.strongotomotiv.com\/de\/wp-json\/wp\/v2\/users\/1"}],"replies":[{"embeddable":true,"href":"https:\/\/www.strongotomotiv.com\/de\/wp-json\/wp\/v2\/comments?post=171"}],"version-history":[{"count":3,"href":"https:\/\/www.strongotomotiv.com\/de\/wp-json\/wp\/v2\/pages\/171\/revisions"}],"predecessor-version":[{"id":3182,"href":"https:\/\/www.strongotomotiv.com\/de\/wp-json\/wp\/v2\/pages\/171\/revisions\/3182"}],"wp:attachment":[{"href":"https:\/\/www.strongotomotiv.com\/de\/wp-json\/wp\/v2\/media?parent=171"}],"curies":[{"name":"wp","href":"https:\/\/api.w.org\/{rel}","templated":true}]}}